{"id":86,"date":"2020-03-23T11:30:41","date_gmt":"2020-03-23T11:30:41","guid":{"rendered":"https:\/\/demosites.io\/rokophoto-gb\/?page_id=86"},"modified":"2023-03-15T19:09:21","modified_gmt":"2023-03-15T19:09:21","slug":"anasayfa","status":"publish","type":"page","link":"https:\/\/nyvtv.com\/","title":{"rendered":"Anasayfa"},"content":{"rendered":"\n<div class=\"alignfull\"><div id=\"metaslider-id-220\" style=\"width: 100%;\" class=\"ml-slider-3-105-0 metaslider metaslider-flex metaslider-220 ml-slider has-dots-nav ms-theme-bubble\" role=\"region\" aria-label=\"New Slideshow\" data-height=\"1080\" data-width=\"1920\">\n    <div id=\"metaslider_container_220\">\n        <div id=\"metaslider_220\">\n            <ul class='slides'>\n                <li style=\"display: block; width: 100%;\" class=\"slide-247 ms-image \" aria-roledescription=\"slide\" data-date=\"2023-03-13 15:50:18\" data-filename=\"nyv.kapak_.0001-scaled-1920x1080.jpg\" data-slide-type=\"image\"><img loading=\"lazy\" decoding=\"async\" src=\"https:\/\/nyvtv.com\/wp-content\/uploads\/2023\/03\/nyv.kapak_.0001-scaled-1920x1080.jpg\" height=\"1080\" width=\"1920\" alt=\"\" class=\"slider-220 slide-247 msDefaultImage\" title=\"nyv.kapak.0001\" \/><\/li>\n                <li style=\"display: none; width: 100%;\" class=\"slide-249 ms-image \" aria-roledescription=\"slide\" data-date=\"2023-03-13 15:50:54\" data-filename=\"nyv.kapak_.0002-scaled-1920x1080.jpg\" data-slide-type=\"image\"><img loading=\"lazy\" decoding=\"async\" src=\"https:\/\/nyvtv.com\/wp-content\/uploads\/2023\/03\/nyv.kapak_.0002-scaled-1920x1080.jpg\" height=\"1080\" width=\"1920\" alt=\"\" class=\"slider-220 slide-249 msDefaultImage\" title=\"nyv.kapak.0002\" \/><\/li>\n                <li style=\"display: none; width: 100%;\" class=\"slide-251 ms-image \" aria-roledescription=\"slide\" data-date=\"2023-03-13 15:51:51\" data-filename=\"nyv.kapak_.0003-scaled-1920x1080.jpg\" data-slide-type=\"image\"><img loading=\"lazy\" decoding=\"async\" src=\"https:\/\/nyvtv.com\/wp-content\/uploads\/2023\/03\/nyv.kapak_.0003-scaled-1920x1080.jpg\" height=\"1080\" width=\"1920\" alt=\"\" class=\"slider-220 slide-251 msDefaultImage\" title=\"nyv.kapak.0003\" \/><\/li>\n                <li style=\"display: none; width: 100%;\" class=\"slide-253 ms-image \" aria-roledescription=\"slide\" data-date=\"2023-03-13 15:56:48\" data-filename=\"nyv.kapak_.0004-1886x1061.jpg\" data-slide-type=\"image\"><img loading=\"lazy\" decoding=\"async\" src=\"https:\/\/nyvtv.com\/wp-content\/uploads\/2023\/03\/nyv.kapak_.0004-1886x1061.jpg\" height=\"1080\" width=\"1920\" alt=\"\" class=\"slider-220 slide-253 msDefaultImage\" title=\"nyv.kapak.0004\" \/><\/li>\n                <li style=\"display: none; width: 100%;\" class=\"slide-255 ms-image \" aria-roledescription=\"slide\" data-date=\"2023-03-13 16:09:48\" data-filename=\"nyv.kapak_.0005-1886x1061.jpg\" data-slide-type=\"image\"><img loading=\"lazy\" decoding=\"async\" src=\"https:\/\/nyvtv.com\/wp-content\/uploads\/2023\/03\/nyv.kapak_.0005-1886x1061.jpg\" height=\"1080\" width=\"1920\" alt=\"\" class=\"slider-220 slide-255 msDefaultImage\" title=\"nyv.kapak.0005\" \/><\/li>\n            <\/ul>\n        <\/div>\n        \n    <\/div>\n<\/div><\/div>\n\n\n\n<div id=\"wp-block-themeisle-blocks-advanced-columns-57f0782d\" class=\"wp-block-themeisle-blocks-advanced-columns alignfull has-1-columns has-desktop-equal-layout has-tablet-equal-layout has-mobile-equal-layout has-vertical-unset has-dark-bg\"><div class=\"wp-block-themeisle-blocks-advanced-columns-overlay\"><\/div><div class=\"innerblocks-wrap\">\n<div id=\"wp-block-themeisle-blocks-advanced-column-4a831fab\" class=\"wp-block-themeisle-blocks-advanced-column\">\n<h2 id=\"wp-block-themeisle-blocks-advanced-heading-7500b298\" class=\"wp-block-themeisle-blocks-advanced-heading wp-block-themeisle-blocks-advanced-heading-7500b298\"> kanal i\u00e7erikleri<\/h2>\n\n\n\n<h4 id=\"wp-block-themeisle-blocks-advanced-heading-a7f22922\" class=\"wp-block-themeisle-blocks-advanced-heading wp-block-themeisle-blocks-advanced-heading-a7f22922\"><strong>b\u00f6l\u00fcm ba\u015fl\u0131klar\u0131<\/strong><\/h4>\n<\/div>\n<\/div><\/div>\n\n\n\n<div id=\"wp-block-themeisle-blocks-advanced-columns-a03d85c1\" class=\"wp-block-themeisle-blocks-advanced-columns alignfull has-1-columns has-desktop-equal-layout has-tablet-equal-layout has-mobile-equal-layout has-vertical-unset has-dark-bg\"><div class=\"wp-block-themeisle-blocks-advanced-columns-overlay\"><\/div><div class=\"innerblocks-wrap\">\n<div id=\"wp-block-themeisle-blocks-advanced-column-0e70f4bf\" class=\"wp-block-themeisle-blocks-advanced-column\">\n<figure class=\"wp-block-gallery has-nested-images columns-default is-cropped wp-block-gallery-1 is-layout-flex wp-block-gallery-is-layout-flex\">\n<figure class=\"wp-block-image size-large\"><img loading=\"lazy\" decoding=\"async\" width=\"1024\" height=\"1024\" data-id=\"256\" src=\"https:\/\/nyvtv.com\/wp-content\/uploads\/2023\/03\/1.haber_-1024x1024.jpg\" alt=\"\" class=\"wp-image-256\" srcset=\"https:\/\/nyvtv.com\/wp-content\/uploads\/2023\/03\/1.haber_-1024x1024.jpg 1024w, https:\/\/nyvtv.com\/wp-content\/uploads\/2023\/03\/1.haber_-300x300.jpg 300w, https:\/\/nyvtv.com\/wp-content\/uploads\/2023\/03\/1.haber_-150x150.jpg 150w, https:\/\/nyvtv.com\/wp-content\/uploads\/2023\/03\/1.haber_-768x768.jpg 768w, https:\/\/nyvtv.com\/wp-content\/uploads\/2023\/03\/1.haber_.jpg 1524w\" sizes=\"auto, (max-width: 1024px) 100vw, 1024px\" \/><figcaption class=\"wp-element-caption\">nyvtv haber<\/figcaption><\/figure>\n\n\n\n<figure class=\"wp-block-image size-large\"><img loading=\"lazy\" decoding=\"async\" width=\"1024\" height=\"1024\" data-id=\"258\" src=\"https:\/\/nyvtv.com\/wp-content\/uploads\/2023\/03\/2.saglik-1024x1024.jpg\" alt=\"\" class=\"wp-image-258\" srcset=\"https:\/\/nyvtv.com\/wp-content\/uploads\/2023\/03\/2.saglik-1024x1024.jpg 1024w, https:\/\/nyvtv.com\/wp-content\/uploads\/2023\/03\/2.saglik-300x300.jpg 300w, https:\/\/nyvtv.com\/wp-content\/uploads\/2023\/03\/2.saglik-150x150.jpg 150w, https:\/\/nyvtv.com\/wp-content\/uploads\/2023\/03\/2.saglik-768x768.jpg 768w, https:\/\/nyvtv.com\/wp-content\/uploads\/2023\/03\/2.saglik.jpg 1524w\" sizes=\"auto, (max-width: 1024px) 100vw, 1024px\" \/><\/figure>\n\n\n\n<figure class=\"wp-block-image size-large\"><img loading=\"lazy\" decoding=\"async\" width=\"1024\" height=\"1024\" data-id=\"259\" src=\"https:\/\/nyvtv.com\/wp-content\/uploads\/2023\/03\/3.mutfak-1024x1024.jpg\" alt=\"\" class=\"wp-image-259\" srcset=\"https:\/\/nyvtv.com\/wp-content\/uploads\/2023\/03\/3.mutfak-1024x1024.jpg 1024w, https:\/\/nyvtv.com\/wp-content\/uploads\/2023\/03\/3.mutfak-300x300.jpg 300w, https:\/\/nyvtv.com\/wp-content\/uploads\/2023\/03\/3.mutfak-150x150.jpg 150w, https:\/\/nyvtv.com\/wp-content\/uploads\/2023\/03\/3.mutfak-768x768.jpg 768w, https:\/\/nyvtv.com\/wp-content\/uploads\/2023\/03\/3.mutfak.jpg 1524w\" sizes=\"auto, (max-width: 1024px) 100vw, 1024px\" \/><\/figure>\n\n\n\n<figure class=\"wp-block-image size-large\"><img loading=\"lazy\" decoding=\"async\" width=\"1024\" height=\"1024\" data-id=\"260\" src=\"https:\/\/nyvtv.com\/wp-content\/uploads\/2023\/03\/4.ekonomi-1024x1024.jpg\" alt=\"\" class=\"wp-image-260\" srcset=\"https:\/\/nyvtv.com\/wp-content\/uploads\/2023\/03\/4.ekonomi-1024x1024.jpg 1024w, https:\/\/nyvtv.com\/wp-content\/uploads\/2023\/03\/4.ekonomi-300x300.jpg 300w, https:\/\/nyvtv.com\/wp-content\/uploads\/2023\/03\/4.ekonomi-150x150.jpg 150w, https:\/\/nyvtv.com\/wp-content\/uploads\/2023\/03\/4.ekonomi-768x768.jpg 768w, https:\/\/nyvtv.com\/wp-content\/uploads\/2023\/03\/4.ekonomi.jpg 1524w\" sizes=\"auto, (max-width: 1024px) 100vw, 1024px\" \/><\/figure>\n\n\n\n<figure class=\"wp-block-image size-large\"><img loading=\"lazy\" decoding=\"async\" width=\"1024\" height=\"1024\" data-id=\"262\" src=\"https:\/\/nyvtv.com\/wp-content\/uploads\/2023\/03\/5.soylesi-1024x1024.jpg\" alt=\"\" class=\"wp-image-262\" srcset=\"https:\/\/nyvtv.com\/wp-content\/uploads\/2023\/03\/5.soylesi-1024x1024.jpg 1024w, https:\/\/nyvtv.com\/wp-content\/uploads\/2023\/03\/5.soylesi-300x300.jpg 300w, https:\/\/nyvtv.com\/wp-content\/uploads\/2023\/03\/5.soylesi-150x150.jpg 150w, https:\/\/nyvtv.com\/wp-content\/uploads\/2023\/03\/5.soylesi-768x768.jpg 768w, https:\/\/nyvtv.com\/wp-content\/uploads\/2023\/03\/5.soylesi.jpg 1080w\" sizes=\"auto, (max-width: 1024px) 100vw, 1024px\" \/><\/figure>\n\n\n\n<figure class=\"wp-block-image size-large\"><img loading=\"lazy\" decoding=\"async\" width=\"1024\" height=\"1024\" data-id=\"263\" src=\"https:\/\/nyvtv.com\/wp-content\/uploads\/2023\/03\/6.kadin_-1024x1024.jpg\" alt=\"\" class=\"wp-image-263\" srcset=\"https:\/\/nyvtv.com\/wp-content\/uploads\/2023\/03\/6.kadin_-1024x1024.jpg 1024w, https:\/\/nyvtv.com\/wp-content\/uploads\/2023\/03\/6.kadin_-300x300.jpg 300w, https:\/\/nyvtv.com\/wp-content\/uploads\/2023\/03\/6.kadin_-150x150.jpg 150w, https:\/\/nyvtv.com\/wp-content\/uploads\/2023\/03\/6.kadin_-768x768.jpg 768w, https:\/\/nyvtv.com\/wp-content\/uploads\/2023\/03\/6.kadin_.jpg 1524w\" sizes=\"auto, (max-width: 1024px) 100vw, 1024px\" \/><\/figure>\n<\/figure>\n<\/div>\n<\/div><\/div>\n\n\n\n<div id=\"wp-block-themeisle-blocks-advanced-columns-dc6d7bcb\" class=\"wp-block-themeisle-blocks-advanced-columns alignfull has-2-columns has-desktop-twoOne-layout has-tablet-equal-layout has-mobile-collapsedRows-layout has-vertical-unset\"><div class=\"wp-block-themeisle-blocks-advanced-columns-overlay\"><\/div><div class=\"innerblocks-wrap\">\n<div id=\"wp-block-themeisle-blocks-advanced-column-273d9f69\" class=\"wp-block-themeisle-blocks-advanced-column\">\n<h3 id=\"wp-block-themeisle-blocks-advanced-heading-deb7c373\" class=\"wp-block-themeisle-blocks-advanced-heading wp-block-themeisle-blocks-advanced-heading-deb7c373\">\u00e7\u00f6z\u00fcm ortakl\u0131\u011f\u0131na ne dersiniz ?<\/h3>\n<\/div>\n\n\n\n<div id=\"wp-block-themeisle-blocks-advanced-column-bb76f275\" class=\"wp-block-themeisle-blocks-advanced-column\">\n<div id=\"wp-block-themeisle-blocks-button-group-dae31ca2\" class=\"wp-block-themeisle-blocks-button-group wp-block-buttons align-center\">\n<div id=\"wp-block-themeisle-blocks-button-ac3b0d38\" class=\"wp-block-themeisle-blocks-button wp-block-button\"><a href=\"https:\/\/nyvtv.com\/contact\/\" target=\"_self\" rel=\"noopener noreferrer\" class=\"wp-block-button__link\"><span>Hadi Gel !<\/span><\/a><\/div>\n<\/div>\n<\/div>\n<\/div><\/div>\n\n\n\n<div id=\"wp-block-themeisle-blocks-advanced-columns-b9f55380\" class=\"wp-block-themeisle-blocks-advanced-columns alignfull has-2-columns has-desktop-equal-layout has-tablet-equal-layout has-mobile-collapsedRows-layout has-vertical-center has-dark-bg\"><div class=\"wp-block-themeisle-blocks-advanced-columns-overlay\"><\/div><div class=\"innerblocks-wrap\">\n<div id=\"wp-block-themeisle-blocks-advanced-column-a2fe9964\" class=\"wp-block-themeisle-blocks-advanced-column\">\n<figure class=\"wp-block-image size-full\"><img loading=\"lazy\" decoding=\"async\" width=\"500\" height=\"500\" src=\"https:\/\/nyvtv.com\/wp-content\/uploads\/2023\/03\/1.KDA_-1.jpg\" alt=\"\" class=\"wp-image-275\" srcset=\"https:\/\/nyvtv.com\/wp-content\/uploads\/2023\/03\/1.KDA_-1.jpg 500w, https:\/\/nyvtv.com\/wp-content\/uploads\/2023\/03\/1.KDA_-1-300x300.jpg 300w, https:\/\/nyvtv.com\/wp-content\/uploads\/2023\/03\/1.KDA_-1-150x150.jpg 150w\" sizes=\"auto, (max-width: 500px) 100vw, 500px\" \/><\/figure>\n<\/div>\n\n\n\n<div id=\"wp-block-themeisle-blocks-advanced-column-506cf6c7\" class=\"wp-block-themeisle-blocks-advanced-column\">\n<h2 id=\"wp-block-themeisle-blocks-advanced-heading-df2e022d\" class=\"wp-block-themeisle-blocks-advanced-heading wp-block-themeisle-blocks-advanced-heading-df2e022d\">HAKKIMIZDA<\/h2>\n\n\n\n<p class=\"has-white-color has-text-color\">Belgesel Yap\u0131mc\u0131l\u0131\u011f\u0131, Kurumsal \u0130leti\u015fim ve Marka Dan\u0131\u015fmanl\u0131\u011f\u0131, Reklam Tan\u0131t\u0131m Foto\u011fraf ve Video Hizmetleri, Sosal Medya Y\u00f6netimi, Profesyonel \u0130\u00e7erik \u00dcretici\u2026<\/p>\n\n\n\n<div style=\"height:50px\" aria-hidden=\"true\" class=\"wp-block-spacer\"><\/div>\n\n\n\n<div id=\"wp-block-themeisle-blocks-button-group-e0f3af54\" class=\"wp-block-themeisle-blocks-button-group wp-block-buttons align-left\">\n<div id=\"wp-block-themeisle-blocks-button-a5a97d76\" class=\"wp-block-themeisle-blocks-button wp-block-button\"><a href=\"https:\/\/nyvtv.com\/about\/\" target=\"_self\" rel=\"noopener noreferrer\" class=\"wp-block-button__link\"><span> \u0130\u015fler G\u00fc\u00e7ler<\/span><\/a><\/div>\n<\/div>\n<\/div>\n<\/div><\/div>\n\n\n\n<div id=\"wp-block-themeisle-blocks-advanced-columns-faf635ef\" class=\"wp-block-themeisle-blocks-advanced-columns alignfull has-1-columns has-desktop-equal-layout has-tablet-equal-layout has-mobile-collapsedRows-layout has-vertical-unset\"><div class=\"wp-block-themeisle-blocks-advanced-columns-overlay\"><\/div><div class=\"innerblocks-wrap\">\n<div id=\"wp-block-themeisle-blocks-advanced-column-bb237b6e\" class=\"wp-block-themeisle-blocks-advanced-column\">\n<h2 id=\"wp-block-themeisle-blocks-advanced-heading-62af4a07\" class=\"wp-block-themeisle-blocks-advanced-heading wp-block-themeisle-blocks-advanced-heading-62af4a07\">bize ula\u015fmak i\u00e7in !<\/h2>\n\n\n\n<p>Bizimle \u00e7al\u0131smak , \u00c7\u00f6z\u00fcm Ortakl\u0131g\u0131 Yapmak , Hizmetlerimizden yararlanmak istiyorsan\u0131z. Bize ulasabilirsiniz.<\/p>\n\n\n\n<div id=\"wp-block-themeisle-blocks-button-group-3adf0685\" class=\"wp-block-themeisle-blocks-button-group wp-block-buttons\">\n<div id=\"wp-block-themeisle-blocks-button-a0bab6a5\" class=\"wp-block-themeisle-blocks-button wp-block-button\"><a href=\"\" target=\"_self\" rel=\"noopener noreferrer\" class=\"wp-block-button__link\"><i class=\"fas fa-fw fa-map-marker-alt margin-right\"><\/i><span>Firuza\u011fa Mah. Bo\u011fazkesen Cd. Set Sok No: 2 Tophane Beyo\u011flu &#8211; \u0130stanbul<\/span><\/a><\/div>\n<\/div>\n\n\n\n<h3 id=\"wp-block-themeisle-blocks-advanced-heading-4320c4f7\" class=\"wp-block-themeisle-blocks-advanced-heading wp-block-themeisle-blocks-advanced-heading-4320c4f7\">wHATSAPP hatt\u0131m\u0131z<\/h3>\n\n\n\n<div id=\"wp-block-themeisle-blocks-button-group-c9f2370e\" class=\"wp-block-themeisle-blocks-button-group wp-block-buttons\">\n<div id=\"wp-block-themeisle-blocks-button-1fab9da1\" class=\"wp-block-themeisle-blocks-button wp-block-button\"><a href=\"\" target=\"_self\" rel=\"noopener noreferrer\" class=\"wp-block-button__link\"><i class=\"fas fa-fw fa-phone margin-right\"><\/i><span>(0532) 791 73 00<\/span><\/a><\/div>\n<\/div>\n\n\n\n<div id=\"wp-block-themeisle-blocks-button-group-838f6aa8\" class=\"wp-block-themeisle-blocks-button-group wp-block-buttons\">\n<div id=\"wp-block-themeisle-blocks-button-0f05f1d0\" class=\"wp-block-themeisle-blocks-button wp-block-button\"><a href=\"\" target=\"_self\" rel=\"noopener noreferrer\" class=\"wp-block-button__link\"><i class=\"fas fa-fw fa-envelope margin-right\"><\/i><span>katremedyaposta@gmail.com <\/span><\/a><\/div>\n<\/div>\n<\/div>\n<\/div><\/div>\n\n\n\n<div id=\"wp-block-themeisle-blocks-advanced-columns-6ebe6d43\" class=\"wp-block-themeisle-blocks-advanced-columns alignfull has-1-columns has-desktop-equal-layout has-tablet-equal-layout has-mobile-equal-layout has-vertical-unset has-dark-bg\"><div class=\"wp-block-themeisle-blocks-advanced-columns-overlay\"><\/div><div class=\"innerblocks-wrap\">\n<div id=\"wp-block-themeisle-blocks-advanced-column-6c781174\" class=\"wp-block-themeisle-blocks-advanced-column\"><div class=\"wp-block-image\">\n<figure class=\"aligncenter size-full is-resized\"><img loading=\"lazy\" decoding=\"async\" src=\"https:\/\/nyvtv.com\/wp-content\/uploads\/2023\/03\/katre.logo_.png\" alt=\"\" class=\"wp-image-284\" width=\"64\" height=\"64\" srcset=\"https:\/\/nyvtv.com\/wp-content\/uploads\/2023\/03\/katre.logo_.png 500w, https:\/\/nyvtv.com\/wp-content\/uploads\/2023\/03\/katre.logo_-300x300.png 300w, https:\/\/nyvtv.com\/wp-content\/uploads\/2023\/03\/katre.logo_-150x150.png 150w\" sizes=\"auto, (max-width: 64px) 100vw, 64px\" \/><\/figure>\n<\/div><\/div>\n<\/div><\/div>\n\n\n\n<div id=\"wp-block-themeisle-blocks-advanced-columns-efbdb2c9\" class=\"wp-block-themeisle-blocks-advanced-columns alignfull has-1-columns has-desktop-equal-layout has-tablet-equal-layout has-mobile-equal-layout has-vertical-unset has-dark-bg\"><div class=\"wp-block-themeisle-blocks-advanced-columns-overlay\"><\/div><div class=\"innerblocks-wrap\">\n<div id=\"wp-block-themeisle-blocks-advanced-column-e96245cc\" class=\"wp-block-themeisle-blocks-advanced-column\">\n<h1 id=\"wp-block-themeisle-blocks-advanced-heading-fa570d7a\" class=\"wp-block-themeisle-blocks-advanced-heading wp-block-themeisle-blocks-advanced-heading-fa570d7a\">bizi takip et<\/h1>\n\n\n\n<h4 id=\"wp-block-themeisle-blocks-advanced-heading-658776eb\" class=\"wp-block-themeisle-blocks-advanced-heading wp-block-themeisle-blocks-advanced-heading-658776eb\"><strong>katre medya<\/strong><\/h4>\n<\/div>\n<\/div><\/div>\n\n\n\n<div id=\"wp-block-themeisle-blocks-advanced-columns-ccaba40d\" class=\"wp-block-themeisle-blocks-advanced-columns alignfull has-1-columns has-desktop-equal-layout has-tablet-equal-layout has-mobile-equal-layout has-vertical-unset has-dark-bg\"><div class=\"wp-block-themeisle-blocks-advanced-columns-overlay\"><\/div><div class=\"innerblocks-wrap\">\n<div id=\"wp-block-themeisle-blocks-advanced-column-4f653e0b\" class=\"wp-block-themeisle-blocks-advanced-column\">\n<div id=\"wp-block-themeisle-blocks-button-group-719d0f28\" class=\"wp-block-themeisle-blocks-button-group wp-block-buttons align-center\">\n<div id=\"wp-block-themeisle-blocks-button-9a660cfc\" class=\"wp-block-themeisle-blocks-button wp-block-button\"><a href=\"\" target=\"_blank\" rel=\"noopener noreferrer\" class=\"wp-block-button__link\"><i class=\"fab fa-fw fa-facebook-f\"><\/i><\/a><\/div>\n\n\n\n<div id=\"wp-block-themeisle-blocks-button-ba6c357a\" class=\"wp-block-themeisle-blocks-button wp-block-button\"><a href=\"\" target=\"_blank\" rel=\"noopener noreferrer\" class=\"wp-block-button__link\"><i class=\"fab fa-fw fa-twitter\"><\/i><\/a><\/div>\n\n\n\n<div id=\"wp-block-themeisle-blocks-button-3dda148e\" class=\"wp-block-themeisle-blocks-button wp-block-button\"><a href=\"\" target=\"_blank\" rel=\"noopener noreferrer\" class=\"wp-block-button__link\"><i class=\"fab fa-fw fa-google-plus-g\"><\/i><\/a><\/div>\n\n\n\n<div id=\"wp-block-themeisle-blocks-button-c8ec54e4\" class=\"wp-block-themeisle-blocks-button wp-block-button\"><a href=\"\" target=\"_blank\" rel=\"noopener noreferrer\" class=\"wp-block-button__link\"><i class=\"fab fa-fw fa-soundcloud\"><\/i><\/a><\/div>\n\n\n\n<div id=\"wp-block-themeisle-blocks-button-8d0c418b\" class=\"wp-block-themeisle-blocks-button wp-block-button\"><a href=\"\" target=\"_blank\" rel=\"noopener noreferrer\" class=\"wp-block-button__link\"><i class=\"fab fa-fw fa-instagram\"><\/i><\/a><\/div>\n<\/div>\n<\/div>\n<\/div><\/div>\n","protected":false},"excerpt":{"rendered":"","protected":false},"author":1,"featured_media":0,"parent":0,"menu_order":0,"comment_status":"closed","ping_status":"closed","template":"page-templates\/template-pagebuilder-full-width.php","meta":{"neve_meta_sidebar":"full-width","neve_meta_container":"","neve_meta_enable_content_width":"on","neve_meta_content_width":100,"neve_meta_title_alignment":"","neve_meta_author_avatar":"","neve_post_elements_order":"","neve_meta_disable_header":"","neve_meta_disable_footer":"","neve_meta_disable_title":"","_themeisle_gutenberg_block_has_review":false,"footnotes":""},"class_list":["post-86","page","type-page","status-publish","hentry"],"_links":{"self":[{"href":"https:\/\/nyvtv.com\/index.php?rest_route=\/wp\/v2\/pages\/86","targetHints":{"allow":["GET"]}}],"collection":[{"href":"https:\/\/nyvtv.com\/index.php?rest_route=\/wp\/v2\/pages"}],"about":[{"href":"https:\/\/nyvtv.com\/index.php?rest_route=\/wp\/v2\/types\/page"}],"author":[{"embeddable":true,"href":"https:\/\/nyvtv.com\/index.php?rest_route=\/wp\/v2\/users\/1"}],"replies":[{"embeddable":true,"href":"https:\/\/nyvtv.com\/index.php?rest_route=%2Fwp%2Fv2%2Fcomments&post=86"}],"version-history":[{"count":16,"href":"https:\/\/nyvtv.com\/index.php?rest_route=\/wp\/v2\/pages\/86\/revisions"}],"predecessor-version":[{"id":321,"href":"https:\/\/nyvtv.com\/index.php?rest_route=\/wp\/v2\/pages\/86\/revisions\/321"}],"wp:attachment":[{"href":"https:\/\/nyvtv.com\/index.php?rest_route=%2Fwp%2Fv2%2Fmedia&parent=86"}],"curies":[{"name":"wp","href":"https:\/\/api.w.org\/{rel}","templated":true}]}}