{"id":139,"date":"2020-03-26T00:46:04","date_gmt":"2020-03-26T00:46:04","guid":{"rendered":"https:\/\/demosites.io\/rokophoto-gb\/?page_id=139"},"modified":"2023-03-13T20:09:20","modified_gmt":"2023-03-13T20:09:20","slug":"98ee9-about","status":"publish","type":"page","link":"https:\/\/nyvtv.com\/?page_id=139","title":{"rendered":"hakk\u0131m\u0131zda"},"content":{"rendered":"\n<div id=\"wp-block-themeisle-blocks-advanced-columns-6fd49cfa\" class=\"wp-block-themeisle-blocks-advanced-columns alignfull has-1-columns has-desktop-equal-layout has-tablet-equal-layout has-mobile-equal-layout has-vertical-unset\"><div class=\"wp-block-themeisle-blocks-advanced-columns-overlay\"><\/div><div class=\"innerblocks-wrap\">\n<div id=\"wp-block-themeisle-blocks-advanced-column-87827bcc\" class=\"wp-block-themeisle-blocks-advanced-column\">\n<h1 id=\"wp-block-themeisle-blocks-advanced-heading-93d7a316\" class=\"wp-block-themeisle-blocks-advanced-heading wp-block-themeisle-blocks-advanced-heading-93d7a316\"> hakk\u0131m\u0131zda<\/h1>\n\n\n\n<h4 id=\"wp-block-themeisle-blocks-advanced-heading-74e05a05\" class=\"wp-block-themeisle-blocks-advanced-heading wp-block-themeisle-blocks-advanced-heading-74e05a05\"> <strong>nyvtv bir katre medya kurulu\u015fudur<\/strong><\/h4>\n<\/div>\n<\/div><\/div>\n\n\n\n<div id=\"wp-block-themeisle-blocks-advanced-columns-9ed733b5\" class=\"wp-block-themeisle-blocks-advanced-columns alignfull has-2-columns has-desktop-equal-layout has-tablet-equal-layout has-mobile-collapsedRows-layout has-vertical-unset has-dark-bg\"><div class=\"wp-block-themeisle-blocks-advanced-columns-overlay\"><\/div><div class=\"innerblocks-wrap\">\n<div id=\"wp-block-themeisle-blocks-advanced-column-e2e4f7ae\" class=\"wp-block-themeisle-blocks-advanced-column\">\n<h2 id=\"wp-block-themeisle-blocks-advanced-heading-8818cba9\" class=\"wp-block-themeisle-blocks-advanced-heading wp-block-themeisle-blocks-advanced-heading-8818cba9\"> katre medya<\/h2>\n\n\n\n<p class=\"has-white-color has-text-color\">Belgesel Yap\u0131mc\u0131l\u0131\u011f\u0131, Kurumsal \u0130leti\u015fim ve Marka Dan\u0131\u015fmanl\u0131\u011f\u0131, Reklam Tan\u0131t\u0131m Foto\u011fraf ve Video Hizmetleri, Sosal Medya Y\u00f6netimi, Profesyonel  \u0130\u00e7erik \u00dcretici&#8230;<\/p>\n\n\n\n<div style=\"height:20px\" aria-hidden=\"true\" class=\"wp-block-spacer\"><\/div>\n\n\n\n<figure class=\"wp-block-image size-large\"><img loading=\"lazy\" decoding=\"async\" width=\"1024\" height=\"576\" src=\"https:\/\/nyvtv.com\/wp-content\/uploads\/2023\/03\/kapak3-1024x576.jpg\" alt=\"\" class=\"wp-image-267\" srcset=\"https:\/\/nyvtv.com\/wp-content\/uploads\/2023\/03\/kapak3-1024x576.jpg 1024w, https:\/\/nyvtv.com\/wp-content\/uploads\/2023\/03\/kapak3-300x169.jpg 300w, https:\/\/nyvtv.com\/wp-content\/uploads\/2023\/03\/kapak3-768x432.jpg 768w, https:\/\/nyvtv.com\/wp-content\/uploads\/2023\/03\/kapak3.jpg 1400w\" sizes=\"auto, (max-width: 1024px) 100vw, 1024px\" \/><figcaption class=\"wp-element-caption\">Her \u015eey Bir Su Damlas\u0131 \u0130le Ba\u015flad\u0131<\/figcaption><\/figure>\n<\/div>\n\n\n\n<div id=\"wp-block-themeisle-blocks-advanced-column-9c1ad7b8\" class=\"wp-block-themeisle-blocks-advanced-column\">\n<figure class=\"wp-block-image size-full\"><img loading=\"lazy\" decoding=\"async\" width=\"500\" height=\"500\" src=\"https:\/\/nyvtv.com\/wp-content\/uploads\/2023\/03\/1.KDA_.jpg\" alt=\"\" class=\"wp-image-266\" srcset=\"https:\/\/nyvtv.com\/wp-content\/uploads\/2023\/03\/1.KDA_.jpg 500w, https:\/\/nyvtv.com\/wp-content\/uploads\/2023\/03\/1.KDA_-300x300.jpg 300w, https:\/\/nyvtv.com\/wp-content\/uploads\/2023\/03\/1.KDA_-150x150.jpg 150w\" sizes=\"auto, (max-width: 500px) 100vw, 500px\" \/><\/figure>\n\n\n\n<div style=\"height:20px\" aria-hidden=\"true\" class=\"wp-block-spacer\"><\/div>\n\n\n\n<p class=\"has-white-color has-text-color\"> Firmalara, kurum ve kurulu\u015flara profesyonel tan\u0131t\u0131m hizmetleri sunulmaktad\u0131r. <br><\/p>\n<\/div>\n<\/div><\/div>\n\n\n\n<div id=\"wp-block-themeisle-blocks-advanced-columns-a787cd8f\" class=\"wp-block-themeisle-blocks-advanced-columns alignfull has-3-columns has-desktop-equal-layout has-tablet-equal-layout has-mobile-collapsedRows-layout has-vertical-unset\"><div class=\"wp-block-themeisle-blocks-advanced-columns-overlay\"><\/div><div class=\"innerblocks-wrap\">\n<div id=\"wp-block-themeisle-blocks-advanced-column-6fa4fc53\" class=\"wp-block-themeisle-blocks-advanced-column\">\n<figure class=\"wp-block-image size-full\"><img loading=\"lazy\" decoding=\"async\" width=\"768\" height=\"1024\" src=\"https:\/\/nyvtv.com\/wp-content\/uploads\/2023\/03\/Katre.Merkez.jpg\" alt=\"\" class=\"wp-image-269\" srcset=\"https:\/\/nyvtv.com\/wp-content\/uploads\/2023\/03\/Katre.Merkez.jpg 768w, https:\/\/nyvtv.com\/wp-content\/uploads\/2023\/03\/Katre.Merkez-225x300.jpg 225w\" sizes=\"auto, (max-width: 768px) 100vw, 768px\" \/><\/figure>\n<\/div>\n\n\n\n<div id=\"wp-block-themeisle-blocks-advanced-column-fefeb6c5\" class=\"wp-block-themeisle-blocks-advanced-column\">\n<figure class=\"wp-block-image size-large\"><img loading=\"lazy\" decoding=\"async\" width=\"853\" height=\"1024\" src=\"https:\/\/nyvtv.com\/wp-content\/uploads\/2023\/03\/uyan001-853x1024.jpg\" alt=\"\" class=\"wp-image-271\" srcset=\"https:\/\/nyvtv.com\/wp-content\/uploads\/2023\/03\/uyan001-853x1024.jpg 853w, https:\/\/nyvtv.com\/wp-content\/uploads\/2023\/03\/uyan001-250x300.jpg 250w, https:\/\/nyvtv.com\/wp-content\/uploads\/2023\/03\/uyan001-768x922.jpg 768w, https:\/\/nyvtv.com\/wp-content\/uploads\/2023\/03\/uyan001.jpg 1000w\" sizes=\"auto, (max-width: 853px) 100vw, 853px\" \/><figcaption class=\"wp-element-caption\">Dijital D\u00fcnya&#8217;ya Dikkat !<\/figcaption><\/figure>\n<\/div>\n\n\n\n<div id=\"wp-block-themeisle-blocks-advanced-column-a8462271\" class=\"wp-block-themeisle-blocks-advanced-column\">\n<figure class=\"wp-block-image size-large\"><img loading=\"lazy\" decoding=\"async\" width=\"788\" height=\"1024\" src=\"https:\/\/nyvtv.com\/wp-content\/uploads\/2023\/03\/katreye-788x1024.jpg\" alt=\"\" class=\"wp-image-292\" srcset=\"https:\/\/nyvtv.com\/wp-content\/uploads\/2023\/03\/katreye-788x1024.jpg 788w, https:\/\/nyvtv.com\/wp-content\/uploads\/2023\/03\/katreye-231x300.jpg 231w, https:\/\/nyvtv.com\/wp-content\/uploads\/2023\/03\/katreye-768x998.jpg 768w, https:\/\/nyvtv.com\/wp-content\/uploads\/2023\/03\/katreye.jpg 1000w\" sizes=\"auto, (max-width: 788px) 100vw, 788px\" \/><figcaption class=\"wp-element-caption\">Katre Medya Nisvan Belgesel<\/figcaption><\/figure>\n<\/div>\n<\/div><\/div>\n","protected":false},"excerpt":{"rendered":"","protected":false},"author":1,"featured_media":0,"parent":0,"menu_order":0,"comment_status":"closed","ping_status":"closed","template":"page-templates\/template-pagebuilder-full-width.php","meta":{"neve_meta_sidebar":"full-width","neve_meta_container":"contained","neve_meta_enable_content_width":"on","neve_meta_content_width":100,"neve_meta_title_alignment":"","neve_meta_author_avatar":"","neve_post_elements_order":"","neve_meta_disable_header":"","neve_meta_disable_footer":"","neve_meta_disable_title":"","_themeisle_gutenberg_block_has_review":false,"footnotes":""},"class_list":["post-139","page","type-page","status-publish","hentry"],"_links":{"self":[{"href":"https:\/\/nyvtv.com\/index.php?rest_route=\/wp\/v2\/pages\/139","targetHints":{"allow":["GET"]}}],"collection":[{"href":"https:\/\/nyvtv.com\/index.php?rest_route=\/wp\/v2\/pages"}],"about":[{"href":"https:\/\/nyvtv.com\/index.php?rest_route=\/wp\/v2\/types\/page"}],"author":[{"embeddable":true,"href":"https:\/\/nyvtv.com\/index.php?rest_route=\/wp\/v2\/users\/1"}],"replies":[{"embeddable":true,"href":"https:\/\/nyvtv.com\/index.php?rest_route=%2Fwp%2Fv2%2Fcomments&post=139"}],"version-history":[{"count":3,"href":"https:\/\/nyvtv.com\/index.php?rest_route=\/wp\/v2\/pages\/139\/revisions"}],"predecessor-version":[{"id":294,"href":"https:\/\/nyvtv.com\/index.php?rest_route=\/wp\/v2\/pages\/139\/revisions\/294"}],"wp:attachment":[{"href":"https:\/\/nyvtv.com\/index.php?rest_route=%2Fwp%2Fv2%2Fmedia&parent=139"}],"curies":[{"name":"wp","href":"https:\/\/api.w.org\/{rel}","templated":true}]}}