{"id":121,"date":"2020-03-24T11:17:54","date_gmt":"2020-03-24T11:17:54","guid":{"rendered":"https:\/\/demosites.io\/rokophoto-gb\/?page_id=121"},"modified":"2023-03-15T05:35:29","modified_gmt":"2023-03-15T05:35:29","slug":"98ee9-photo-event","status":"publish","type":"page","link":"https:\/\/nyvtv.com\/?page_id=121","title":{"rendered":"NEDEN NYVTV ?"},"content":{"rendered":"\n<div id=\"wp-block-themeisle-blocks-advanced-columns-4845f905\" class=\"wp-block-themeisle-blocks-advanced-columns alignfull has-1-columns has-desktop-equal-layout has-tablet-equal-layout has-mobile-equal-layout has-vertical-unset\"><div class=\"wp-block-themeisle-blocks-advanced-columns-overlay\"><\/div><div class=\"innerblocks-wrap\">\n<div id=\"wp-block-themeisle-blocks-advanced-column-7991d263\" class=\"wp-block-themeisle-blocks-advanced-column\">\n<h1 id=\"wp-block-themeisle-blocks-advanced-heading-78f9d0f7\" class=\"wp-block-themeisle-blocks-advanced-heading wp-block-themeisle-blocks-advanced-heading-78f9d0f7\"> NEDEN NYVTV ?<\/h1>\n\n\n\n<h4 id=\"wp-block-themeisle-blocks-advanced-heading-c2c2d626\" class=\"wp-block-themeisle-blocks-advanced-heading wp-block-themeisle-blocks-advanced-heading-c2c2d626\"> <strong>NEYSE K\u0130 YOUTUBE VAR !<\/strong><\/h4>\n<\/div>\n<\/div><\/div>\n\n\n\n<div id=\"wp-block-themeisle-blocks-advanced-columns-4a5a872c\" class=\"wp-block-themeisle-blocks-advanced-columns alignfull has-2-columns has-desktop-equal-layout has-tablet-equal-layout has-mobile-collapsedRows-layout has-vertical-top has-dark-bg\"><div class=\"wp-block-themeisle-blocks-advanced-columns-overlay\"><\/div><div class=\"innerblocks-wrap\">\n<div id=\"wp-block-themeisle-blocks-advanced-column-f1b69168\" class=\"wp-block-themeisle-blocks-advanced-column\">\n<figure class=\"wp-block-image size-full\"><img loading=\"lazy\" decoding=\"async\" width=\"800\" height=\"533\" src=\"https:\/\/nyvtv.com\/wp-content\/uploads\/2023\/03\/yotube.6.jpeg\" alt=\"\" class=\"wp-image-314\" srcset=\"https:\/\/nyvtv.com\/wp-content\/uploads\/2023\/03\/yotube.6.jpeg 800w, https:\/\/nyvtv.com\/wp-content\/uploads\/2023\/03\/yotube.6-300x200.jpeg 300w, https:\/\/nyvtv.com\/wp-content\/uploads\/2023\/03\/yotube.6-768x512.jpeg 768w\" sizes=\"auto, (max-width: 800px) 100vw, 800px\" \/><\/figure>\n\n\n\n<div style=\"height:20px\" aria-hidden=\"true\" class=\"wp-block-spacer\"><\/div>\n\n\n\n<figure class=\"wp-block-image size-large\"><img loading=\"lazy\" decoding=\"async\" width=\"1024\" height=\"536\" src=\"https:\/\/nyvtv.com\/wp-content\/uploads\/2023\/03\/yotube.4-1024x536.jpeg\" alt=\"\" class=\"wp-image-315\" srcset=\"https:\/\/nyvtv.com\/wp-content\/uploads\/2023\/03\/yotube.4-1024x536.jpeg 1024w, https:\/\/nyvtv.com\/wp-content\/uploads\/2023\/03\/yotube.4-300x157.jpeg 300w, https:\/\/nyvtv.com\/wp-content\/uploads\/2023\/03\/yotube.4-768x402.jpeg 768w, https:\/\/nyvtv.com\/wp-content\/uploads\/2023\/03\/yotube.4.jpeg 1200w\" sizes=\"auto, (max-width: 1024px) 100vw, 1024px\" \/><\/figure>\n<\/div>\n\n\n\n<div id=\"wp-block-themeisle-blocks-advanced-column-8bd4a650\" class=\"wp-block-themeisle-blocks-advanced-column\">\n<figure class=\"wp-block-image size-large\"><img loading=\"lazy\" decoding=\"async\" width=\"551\" height=\"1024\" src=\"https:\/\/nyvtv.com\/wp-content\/uploads\/2023\/03\/yotube.dik_-551x1024.jpg\" alt=\"\" class=\"wp-image-318\" srcset=\"https:\/\/nyvtv.com\/wp-content\/uploads\/2023\/03\/yotube.dik_-551x1024.jpg 551w, https:\/\/nyvtv.com\/wp-content\/uploads\/2023\/03\/yotube.dik_-161x300.jpg 161w, https:\/\/nyvtv.com\/wp-content\/uploads\/2023\/03\/yotube.dik_-768x1428.jpg 768w, https:\/\/nyvtv.com\/wp-content\/uploads\/2023\/03\/yotube.dik_-826x1536.jpg 826w, https:\/\/nyvtv.com\/wp-content\/uploads\/2023\/03\/yotube.dik_-1102x2048.jpg 1102w, https:\/\/nyvtv.com\/wp-content\/uploads\/2023\/03\/yotube.dik_.jpg 1200w\" sizes=\"auto, (max-width: 551px) 100vw, 551px\" \/><\/figure>\n<\/div>\n<\/div><\/div>\n\n\n\n<div id=\"wp-block-themeisle-blocks-advanced-columns-f81f4ec6\" class=\"wp-block-themeisle-blocks-advanced-columns alignfull has-2-columns has-desktop-twoOne-layout has-tablet-equal-layout has-mobile-collapsedRows-layout has-vertical-unset\"><div class=\"wp-block-themeisle-blocks-advanced-columns-overlay\"><\/div><div class=\"innerblocks-wrap\">\n<div id=\"wp-block-themeisle-blocks-advanced-column-b646379c\" class=\"wp-block-themeisle-blocks-advanced-column\">\n<h3 id=\"wp-block-themeisle-blocks-advanced-heading-f027192e\" class=\"wp-block-themeisle-blocks-advanced-heading wp-block-themeisle-blocks-advanced-heading-f027192e\">PLEASE RSVP IF YOU ARE INTERESTED IN THIS EVENT<\/h3>\n<\/div>\n\n\n\n<div id=\"wp-block-themeisle-blocks-advanced-column-7129d408\" class=\"wp-block-themeisle-blocks-advanced-column\">\n<div id=\"wp-block-themeisle-blocks-button-group-ed6ae7e6\" class=\"wp-block-themeisle-blocks-button-group wp-block-buttons align-center\">\n<div id=\"wp-block-themeisle-blocks-button-ef378681\" class=\"wp-block-themeisle-blocks-button wp-block-button\"><a href=\"\" target=\"_self\" rel=\"noopener noreferrer\" class=\"wp-block-button__link\"><span>CONTACT<\/span><\/a><\/div>\n<\/div>\n<\/div>\n<\/div><\/div>\n\n\n\n<div id=\"wp-block-themeisle-blocks-advanced-columns-82d674e2\" class=\"wp-block-themeisle-blocks-advanced-columns alignfull has-2-columns has-desktop-equal-layout has-tablet-equal-layout has-mobile-collapsedRows-layout has-vertical-unset\"><div class=\"wp-block-themeisle-blocks-advanced-columns-overlay\"><\/div><div class=\"innerblocks-wrap\">\n<div id=\"wp-block-themeisle-blocks-advanced-column-cff47bde\" class=\"wp-block-themeisle-blocks-advanced-column\">\n<div id=\"wp-block-themeisle-blocks-button-group-788e0e71\" class=\"wp-block-themeisle-blocks-button-group wp-block-buttons\">\n<div id=\"wp-block-themeisle-blocks-button-aefcd9fd\" class=\"wp-block-themeisle-blocks-button wp-block-button\"><a href=\"\" target=\"_self\" rel=\"noopener noreferrer\" class=\"wp-block-button__link\"><i class=\"fas fa-fw fa-map-marker-alt margin-right\"><\/i><span>Location: Histon Museum<\/span><\/a><\/div>\n<\/div>\n\n\n\n<div id=\"wp-block-themeisle-blocks-button-group-9df2ffb2\" class=\"wp-block-themeisle-blocks-button-group wp-block-buttons\">\n<div id=\"wp-block-themeisle-blocks-button-78587249\" class=\"wp-block-themeisle-blocks-button wp-block-button\"><a href=\"\" target=\"_self\" rel=\"noopener noreferrer\" class=\"wp-block-button__link\"><i class=\"far fa-fw fa-calendar-alt margin-right\"><\/i><span>Date: 12 November 2020<\/span><\/a><\/div>\n<\/div>\n\n\n\n<div id=\"wp-block-themeisle-blocks-button-group-a316cd0d\" class=\"wp-block-themeisle-blocks-button-group wp-block-buttons\">\n<div id=\"wp-block-themeisle-blocks-button-c88003e6\" class=\"wp-block-themeisle-blocks-button wp-block-button\"><a href=\"\" target=\"_self\" rel=\"noopener noreferrer\" class=\"wp-block-button__link\"><i class=\"fas fa-fw fa-ticket-alt margin-right\"><\/i><span>Pricing: free<\/span><\/a><\/div>\n<\/div>\n\n\n\n<div id=\"wp-block-themeisle-blocks-button-group-b5f9cb70\" class=\"wp-block-themeisle-blocks-button-group wp-block-buttons\">\n<div id=\"wp-block-themeisle-blocks-button-3c4e0c32\" class=\"wp-block-themeisle-blocks-button wp-block-button\"><a href=\"\" target=\"_self\" rel=\"noopener noreferrer\" class=\"wp-block-button__link\"><i class=\"fas fa-fw fa-microphone margin-right\"><\/i><span>Speaker: Samuel Walters<\/span><\/a><\/div>\n<\/div>\n<\/div>\n\n\n\n<div id=\"wp-block-themeisle-blocks-advanced-column-a1740b01\" class=\"wp-block-themeisle-blocks-advanced-column\">\n<h2 id=\"wp-block-themeisle-blocks-advanced-heading-b2ad9838\" class=\"wp-block-themeisle-blocks-advanced-heading wp-block-themeisle-blocks-advanced-heading-b2ad9838\">YOUTUBE &#8216;DA OLMAK !<\/h2>\n\n\n\n<h4 id=\"wp-block-themeisle-blocks-advanced-heading-a778d0af\" class=\"wp-block-themeisle-blocks-advanced-heading wp-block-themeisle-blocks-advanced-heading-a778d0af\"><strong>LANDSCAPE PHOTOGRAPHY<\/strong><\/h4>\n\n\n\n<p class=\"has-neve-text-color-color has-text-color\">1 milyar\u0131 a\u015fk\u0131n kullan\u0131c\u0131s\u0131 bulunan Youtube,\u00a0<strong>marka bilinirli\u011fini artt\u0131rmak ve de\u011fer katmak i\u00e7in haz\u0131rlanan videolarda pozitif katk\u0131 sa\u011flamay\u0131 ba\u015far\u0131yor<\/strong>. Hedef kitleye en uygun kullan\u0131c\u0131lara ula\u015ft\u0131r\u0131lan video reklamlar, markan\u0131n bilinirli\u011fi ve g\u00fcvenilirli\u011fi artt\u0131rma yolunda olduk\u00e7a etkilidir. NYVTV youtube altyap\u0131s\u0131n\u0131 en do\u011fru ve verimli kullanmay\u0131, geni\u015f kitlelere bu algoritmalarla ula\u015fmay\u0131 hedeflemektedir.<\/p>\n\n\n\n<p>Youtube&#8217;da Olman\u0131n \u00fcr\u00fcn, hizmet, ki\u015fi, kurum t\u00fcm\u00fcn\u00fcn g\u00f6rsel ve i\u015fitsel dijital kimli\u011finin olu\u015fturulmas\u0131nda \u00e7ok \u00f6nem ta\u015f\u0131maktad\u0131r.<\/p>\n<\/div>\n<\/div><\/div>\n\n\n\n<div id=\"wp-block-themeisle-blocks-advanced-columns-8b459ee0\" class=\"wp-block-themeisle-blocks-advanced-columns alignfull has-1-columns has-desktop-equal-layout has-tablet-equal-layout has-mobile-equal-layout has-vertical-unset has-dark-bg\"><div class=\"wp-block-themeisle-blocks-advanced-columns-overlay\"><\/div><div class=\"innerblocks-wrap\">\n<div id=\"wp-block-themeisle-blocks-advanced-column-b0873e84\" class=\"wp-block-themeisle-blocks-advanced-column\">\n<figure class=\"wp-block-image size-full\"><img loading=\"lazy\" decoding=\"async\" width=\"1100\" height=\"360\" src=\"https:\/\/nyvtv.com\/wp-content\/uploads\/2021\/06\/nv-map-36-1.jpeg\" alt=\"\" class=\"wp-image-215\" srcset=\"https:\/\/nyvtv.com\/wp-content\/uploads\/2021\/06\/nv-map-36-1.jpeg 1100w, https:\/\/nyvtv.com\/wp-content\/uploads\/2021\/06\/nv-map-36-1-300x98.jpeg 300w\" sizes=\"auto, (max-width: 1100px) 100vw, 1100px\" \/><\/figure>\n<\/div>\n<\/div><\/div>\n\n\n\n<div id=\"wp-block-themeisle-blocks-advanced-columns-f7e21f09\" class=\"wp-block-themeisle-blocks-advanced-columns alignfull has-2-columns has-desktop-equal-layout has-tablet-equal-layout has-mobile-collapsedRows-layout has-vertical-unset has-dark-bg\"><div class=\"wp-block-themeisle-blocks-advanced-columns-overlay\"><\/div><div class=\"innerblocks-wrap\">\n<div id=\"wp-block-themeisle-blocks-advanced-column-1d8176f9\" class=\"wp-block-themeisle-blocks-advanced-column\">\n<h2 id=\"wp-block-themeisle-blocks-advanced-heading-8319d7f5\" class=\"wp-block-themeisle-blocks-advanced-heading wp-block-themeisle-blocks-advanced-heading-8319d7f5\">INTERESTED IN THIS EXHIBITION? <\/h2>\n\n\n\n<p class=\"has-nv-text-dark-bg-color has-text-color\"> Send an email using this form and we will get back to you with more details!<\/p>\n<\/div>\n\n\n\n<div id=\"wp-block-themeisle-blocks-advanced-column-41c83622\" class=\"wp-block-themeisle-blocks-advanced-column\">\n<div id=\"wp-block-themeisle-blocks-form-2eb7c851\" class=\"wp-block-themeisle-blocks-form\" data-option-name=\"bf9b28ff82ce323187abc5d0feb0d8f07ecd8436_2eb7c851\"><form class=\"otter-form__container\">\n<div id=\"wp-block-themeisle-blocks-form-input-524bbf39\" class=\"wp-block-themeisle-blocks-form-input\"><label for=\"wp-block-themeisle-blocks-form-input-524bbf39-input\" class=\"otter-form-input-label\"><span class=\"otter-form-input-label__label\">Your Name<\/span><\/label><input type=\"text\" id=\"wp-block-themeisle-blocks-form-input-524bbf39-input\" class=\"otter-form-input\"\/><\/div>\n\n\n\n<div id=\"wp-block-themeisle-blocks-form-input-a8190f52\" class=\"wp-block-themeisle-blocks-form-input\"><label for=\"wp-block-themeisle-blocks-form-input-a8190f52-input\" class=\"otter-form-input-label\"><span class=\"otter-form-input-label__label\">Email Address<\/span><span class=\"required\">*<\/span><\/label><input type=\"email\" id=\"wp-block-themeisle-blocks-form-input-a8190f52-input\" required class=\"otter-form-input\"\/><\/div>\n\n\n\n<div id=\"wp-block-themeisle-blocks-form-textarea-e61baed4\" class=\"wp-block-themeisle-blocks-form-textarea\"><label for=\"wp-block-themeisle-blocks-form-textarea-e61baed4-input\" class=\"otter-form-textarea-label\"><span class=\"otter-form-textarea-label__label\">Message<\/span><\/label><textarea id=\"wp-block-themeisle-blocks-form-textarea-e61baed4-input\" rows=\"10\" class=\"otter-form-textarea-input\"><\/textarea><\/div>\n\n\n<div class=\"protection\" aria-hidden=\"true\"><input type=\"hidden\" id=\"wp-block-themeisle-blocks-form-2eb7c851_nonce_field\" name=\"wp-block-themeisle-blocks-form-2eb7c851_nonce_field\" value=\"260b2febd2\" \/><input type=\"hidden\" name=\"_wp_http_referer\" value=\"\/index.php?rest_route=%2Fwp%2Fv2%2Fpages%2F121\" \/><input class=\"o-anti-bot\" type=\"checkbox\"><\/div><div class=\"wp-block-button\"><button class=\"wp-block-button__link\" type=\"submit\">Submit<\/button><\/div><\/form><\/div>\n<\/div>\n<\/div><\/div>\n","protected":false},"excerpt":{"rendered":"","protected":false},"author":1,"featured_media":0,"parent":0,"menu_order":0,"comment_status":"closed","ping_status":"closed","template":"page-templates\/template-pagebuilder-full-width.php","meta":{"neve_meta_sidebar":"full-width","neve_meta_container":"contained","neve_meta_enable_content_width":"on","neve_meta_content_width":100,"neve_meta_title_alignment":"","neve_meta_author_avatar":"","neve_post_elements_order":"","neve_meta_disable_header":"","neve_meta_disable_footer":"","neve_meta_disable_title":"","_themeisle_gutenberg_block_has_review":false,"footnotes":""},"class_list":["post-121","page","type-page","status-publish","hentry"],"_links":{"self":[{"href":"https:\/\/nyvtv.com\/index.php?rest_route=\/wp\/v2\/pages\/121","targetHints":{"allow":["GET"]}}],"collection":[{"href":"https:\/\/nyvtv.com\/index.php?rest_route=\/wp\/v2\/pages"}],"about":[{"href":"https:\/\/nyvtv.com\/index.php?rest_route=\/wp\/v2\/types\/page"}],"author":[{"embeddable":true,"href":"https:\/\/nyvtv.com\/index.php?rest_route=\/wp\/v2\/users\/1"}],"replies":[{"embeddable":true,"href":"https:\/\/nyvtv.com\/index.php?rest_route=%2Fwp%2Fv2%2Fcomments&post=121"}],"version-history":[{"count":3,"href":"https:\/\/nyvtv.com\/index.php?rest_route=\/wp\/v2\/pages\/121\/revisions"}],"predecessor-version":[{"id":320,"href":"https:\/\/nyvtv.com\/index.php?rest_route=\/wp\/v2\/pages\/121\/revisions\/320"}],"wp:attachment":[{"href":"https:\/\/nyvtv.com\/index.php?rest_route=%2Fwp%2Fv2%2Fmedia&parent=121"}],"curies":[{"name":"wp","href":"https:\/\/api.w.org\/{rel}","templated":true}]}}